{"id":105,"date":"2020-06-29T12:41:46","date_gmt":"2020-06-29T12:41:46","guid":{"rendered":"https:\/\/bridge377.qodeinteractive.com\/?page_id=105"},"modified":"2022-09-05T21:31:54","modified_gmt":"2022-09-05T21:31:54","slug":"onama","status":"publish","type":"page","link":"https:\/\/www.superecruiter.rs\/en\/onama\/","title":{"rendered":"About Us"},"content":{"rendered":"<div data-elementor-type=\"wp-page\" data-elementor-id=\"105\" class=\"elementor elementor-105\">\n\t\t\t\t\t\t<section class=\"elementor-section elementor-top-section elementor-element elementor-element-8dd2583 elementor-section-full_width qode_elementor_container_inner elementor-section-height-default elementor-section-height-default parallax_section_no\" data-id=\"8dd2583\" data-element_type=\"section\">\n\t\t\t\t\t\t<div class=\"elementor-container elementor-column-gap-default\">\n\t\t\t\t\t<div class=\"elementor-column elementor-col-50 elementor-top-column elementor-element elementor-element-9724e15\" data-id=\"9724e15\" data-element_type=\"column\">\n\t\t\t<div class=\"elementor-widget-wrap elementor-element-populated\">\n\t\t\t\t\t\t<div class=\"elementor-element elementor-element-2dbd74d elementor-widget elementor-widget-qi_addons_for_elementor_cards_slider\" data-id=\"2dbd74d\" data-element_type=\"widget\" data-widget_type=\"qi_addons_for_elementor_cards_slider.default\">\n\t\t\t\t<div class=\"elementor-widget-container\">\n\t\t\t<div class=\"qodef-shortcode qodef-m  qodef-qi-cards-slider qodef-orientation--one-side qodef-navigation--hover-move qodef-orientation--right\" data-orientation=\"right\" data-offset=\"25\">\n\t<div class=\"qodef-e-inner\">\n\t\t\t\t\t<div class=\"qodef-m-card\">\n\t\t\t\t<div class=\"qodef-m-bundle-item\">\n\t\t\t\t\t\t\t\t\t\t\t<img fetchpriority=\"high\" decoding=\"async\" width=\"1024\" height=\"684\" src=\"https:\/\/www.superecruiter.rs\/wp-content\/uploads\/2022\/09\/pexels-pavel-danilyuk-7594137-1024x684.jpg\" class=\"attachment-large size-large\" alt=\"\" srcset=\"https:\/\/www.superecruiter.rs\/wp-content\/uploads\/2022\/09\/pexels-pavel-danilyuk-7594137-1024x684.jpg 1024w, https:\/\/www.superecruiter.rs\/wp-content\/uploads\/2022\/09\/pexels-pavel-danilyuk-7594137-300x200.jpg 300w, https:\/\/www.superecruiter.rs\/wp-content\/uploads\/2022\/09\/pexels-pavel-danilyuk-7594137-768x513.jpg 768w, https:\/\/www.superecruiter.rs\/wp-content\/uploads\/2022\/09\/pexels-pavel-danilyuk-7594137-1536x1026.jpg 1536w, https:\/\/www.superecruiter.rs\/wp-content\/uploads\/2022\/09\/pexels-pavel-danilyuk-7594137-700x467.jpg 700w, https:\/\/www.superecruiter.rs\/wp-content\/uploads\/2022\/09\/pexels-pavel-danilyuk-7594137.jpg 1920w\" sizes=\"(max-width: 1024px) 100vw, 1024px\" \/>\t\t\t\t\t\t\t\t\t<\/div>\n\t\t\t<\/div>\n\t\t\t\t\t<div class=\"qodef-m-card\">\n\t\t\t\t<div class=\"qodef-m-bundle-item\">\n\t\t\t\t\t\t\t\t\t\t\t<img decoding=\"async\" width=\"1024\" height=\"683\" src=\"https:\/\/www.superecruiter.rs\/wp-content\/uploads\/2022\/09\/pexels-karolina-grabowska-4239116-1024x683.jpg\" class=\"attachment-large size-large\" alt=\"\" srcset=\"https:\/\/www.superecruiter.rs\/wp-content\/uploads\/2022\/09\/pexels-karolina-grabowska-4239116-1024x683.jpg 1024w, https:\/\/www.superecruiter.rs\/wp-content\/uploads\/2022\/09\/pexels-karolina-grabowska-4239116-300x200.jpg 300w, https:\/\/www.superecruiter.rs\/wp-content\/uploads\/2022\/09\/pexels-karolina-grabowska-4239116-768x512.jpg 768w, https:\/\/www.superecruiter.rs\/wp-content\/uploads\/2022\/09\/pexels-karolina-grabowska-4239116-1536x1024.jpg 1536w, https:\/\/www.superecruiter.rs\/wp-content\/uploads\/2022\/09\/pexels-karolina-grabowska-4239116-700x467.jpg 700w, https:\/\/www.superecruiter.rs\/wp-content\/uploads\/2022\/09\/pexels-karolina-grabowska-4239116.jpg 1920w\" sizes=\"(max-width: 1024px) 100vw, 1024px\" \/>\t\t\t\t\t\t\t\t\t<\/div>\n\t\t\t<\/div>\n\t\t\t\t\t<div class=\"qodef-m-card\">\n\t\t\t\t<div class=\"qodef-m-bundle-item\">\n\t\t\t\t\t\t\t\t\t\t\t<img decoding=\"async\" width=\"1024\" height=\"683\" src=\"https:\/\/www.superecruiter.rs\/wp-content\/uploads\/2022\/09\/pexels-elle-hughes-2696064-1024x683.jpg\" class=\"attachment-large size-large\" alt=\"\" srcset=\"https:\/\/www.superecruiter.rs\/wp-content\/uploads\/2022\/09\/pexels-elle-hughes-2696064-1024x683.jpg 1024w, https:\/\/www.superecruiter.rs\/wp-content\/uploads\/2022\/09\/pexels-elle-hughes-2696064-300x200.jpg 300w, https:\/\/www.superecruiter.rs\/wp-content\/uploads\/2022\/09\/pexels-elle-hughes-2696064-768x512.jpg 768w, https:\/\/www.superecruiter.rs\/wp-content\/uploads\/2022\/09\/pexels-elle-hughes-2696064-1536x1024.jpg 1536w, https:\/\/www.superecruiter.rs\/wp-content\/uploads\/2022\/09\/pexels-elle-hughes-2696064-700x467.jpg 700w, https:\/\/www.superecruiter.rs\/wp-content\/uploads\/2022\/09\/pexels-elle-hughes-2696064.jpg 1920w\" sizes=\"(max-width: 1024px) 100vw, 1024px\" \/>\t\t\t\t\t\t\t\t\t<\/div>\n\t\t\t<\/div>\n\t\t\t<\/div>\n\t<div class=\"qodef-m-fake-card\">\n\t\t<img decoding=\"async\" width=\"1024\" height=\"683\" src=\"https:\/\/www.superecruiter.rs\/wp-content\/uploads\/2022\/09\/pexels-elle-hughes-2696064-1024x683.jpg\" class=\"attachment-large size-large\" alt=\"\" srcset=\"https:\/\/www.superecruiter.rs\/wp-content\/uploads\/2022\/09\/pexels-elle-hughes-2696064-1024x683.jpg 1024w, https:\/\/www.superecruiter.rs\/wp-content\/uploads\/2022\/09\/pexels-elle-hughes-2696064-300x200.jpg 300w, https:\/\/www.superecruiter.rs\/wp-content\/uploads\/2022\/09\/pexels-elle-hughes-2696064-768x512.jpg 768w, https:\/\/www.superecruiter.rs\/wp-content\/uploads\/2022\/09\/pexels-elle-hughes-2696064-1536x1024.jpg 1536w, https:\/\/www.superecruiter.rs\/wp-content\/uploads\/2022\/09\/pexels-elle-hughes-2696064-700x467.jpg 700w, https:\/\/www.superecruiter.rs\/wp-content\/uploads\/2022\/09\/pexels-elle-hughes-2696064.jpg 1920w\" sizes=\"(max-width: 1024px) 100vw, 1024px\" \/>\t<\/div>\n\t<div class=\"qodef-m-navigation\">\n\t\t<div class=\"qodef-nav qodef--prev\"><svg class=\"qodef-swiper-arrow-left\" xmlns=\"http:\/\/www.w3.org\/2000\/svg\" x=\"0px\" y=\"0px\" viewbox=\"0 0 34.2 32.3\" xml:space=\"preserve\" style=\"stroke-width: 2;\"><line x1=\"0.5\" y1=\"16\" x2=\"33.5\" y2=\"16\"\/><line x1=\"0.3\" y1=\"16.5\" x2=\"16.2\" y2=\"0.7\"\/><line x1=\"0\" y1=\"15.4\" x2=\"16.2\" y2=\"31.6\"\/><\/svg><\/div>\n\t\t<div class=\"qodef-nav qodef--next\"><svg class=\"qodef-swiper-arrow-right\" xmlns=\"http:\/\/www.w3.org\/2000\/svg\" x=\"0px\" y=\"0px\" viewbox=\"0 0 34.2 32.3\" xml:space=\"preserve\" style=\"stroke-width: 2;\"><line x1=\"0\" y1=\"16\" x2=\"33\" y2=\"16\"\/><line x1=\"17.3\" y1=\"0.7\" x2=\"33.2\" y2=\"16.5\"\/><line x1=\"17.3\" y1=\"31.6\" x2=\"33.5\" y2=\"15.4\"\/><\/svg><\/div>\n\t<\/div>\n<\/div>\n\t\t<\/div>\n\t\t\t\t<\/div>\n\t\t\t\t\t<\/div>\n\t\t<\/div>\n\t\t\t\t<div class=\"elementor-column elementor-col-50 elementor-top-column elementor-element elementor-element-acdce36\" data-id=\"acdce36\" data-element_type=\"column\">\n\t\t\t<div class=\"elementor-widget-wrap elementor-element-populated\">\n\t\t\t\t\t\t<div class=\"elementor-element elementor-element-b6cb26b elementor-widget elementor-widget-heading\" data-id=\"b6cb26b\" data-element_type=\"widget\" data-widget_type=\"heading.default\">\n\t\t\t\t<div class=\"elementor-widget-container\">\n\t\t\t<style>\/*! elementor - v3.20.0 - 13-03-2024 *\/\n.elementor-heading-title{padding:0;margin:0;line-height:1}.elementor-widget-heading .elementor-heading-title[class*=elementor-size-]>a{color:inherit;font-size:inherit;line-height:inherit}.elementor-widget-heading .elementor-heading-title.elementor-size-small{font-size:15px}.elementor-widget-heading .elementor-heading-title.elementor-size-medium{font-size:19px}.elementor-widget-heading .elementor-heading-title.elementor-size-large{font-size:29px}.elementor-widget-heading .elementor-heading-title.elementor-size-xl{font-size:39px}.elementor-widget-heading .elementor-heading-title.elementor-size-xxl{font-size:59px}<\/style><h2 class=\"elementor-heading-title elementor-size-default\">WHAT DO WE DO<\/h2>\t\t<\/div>\n\t\t\t\t<\/div>\n\t\t\t\t<div class=\"elementor-element elementor-element-d66753e elementor-widget elementor-widget-bridge_unordered_list\" data-id=\"d66753e\" data-element_type=\"widget\" data-widget_type=\"bridge_unordered_list.default\">\n\t\t\t\t<div class=\"elementor-widget-container\">\n\t\t\t<div class='q_list circle'><ul><li>Finding and selection of candidates\u00a0<\/li><li>Thanks to a  large network of  partner agencies, we recruit candidates  worldwide<\/li><li>Why is this important?<\/li><li>Our partners will find for you exactly what you are looking for, not fearing you will get bad hires<\/li><li>We work exclusively with foreign candidates<\/li><li>Visas and related accompanying documents<\/li><li>We will apply for visa on your behalf  and  very efficiently round this demanding process<\/li><li>We ensure for all candidates work and residence permits and communicate on your behalf with state authorities, such as police, embassies, national employment service  etc..<\/li><\/ul><\/div>\t\t<\/div>\n\t\t\t\t<\/div>\n\t\t\t\t\t<\/div>\n\t\t<\/div>\n\t\t\t\t\t<\/div>\n\t\t<\/section>\n\t\t\t\t<section class=\"elementor-section elementor-top-section elementor-element elementor-element-50b3a37 elementor-section-full_width qode_elementor_container_inner elementor-reverse-tablet elementor-reverse-mobile elementor-reverse-mobile_extra elementor-section-height-default elementor-section-height-default parallax_section_no\" data-id=\"50b3a37\" data-element_type=\"section\">\n\t\t\t\t\t\t<div class=\"elementor-container elementor-column-gap-default\">\n\t\t\t\t\t<div class=\"elementor-column elementor-col-50 elementor-top-column elementor-element elementor-element-2bdce5a\" data-id=\"2bdce5a\" data-element_type=\"column\">\n\t\t\t<div class=\"elementor-widget-wrap elementor-element-populated\">\n\t\t\t\t\t\t<div class=\"elementor-element elementor-element-7abc70e elementor-widget elementor-widget-heading\" data-id=\"7abc70e\" data-element_type=\"widget\" data-widget_type=\"heading.default\">\n\t\t\t\t<div class=\"elementor-widget-container\">\n\t\t\t<h2 class=\"elementor-heading-title elementor-size-default\">INDUSTRIES <\/h2>\t\t<\/div>\n\t\t\t\t<\/div>\n\t\t\t\t<div class=\"elementor-element elementor-element-192aac8 elementor-widget elementor-widget-text-editor\" data-id=\"192aac8\" data-element_type=\"widget\" data-widget_type=\"text-editor.default\">\n\t\t\t\t<div class=\"elementor-widget-container\">\n\t\t\t<style>\/*! elementor - v3.20.0 - 13-03-2024 *\/\n.elementor-widget-text-editor.elementor-drop-cap-view-stacked .elementor-drop-cap{background-color:#69727d;color:#fff}.elementor-widget-text-editor.elementor-drop-cap-view-framed .elementor-drop-cap{color:#69727d;border:3px solid;background-color:transparent}.elementor-widget-text-editor:not(.elementor-drop-cap-view-default) .elementor-drop-cap{margin-top:8px}.elementor-widget-text-editor:not(.elementor-drop-cap-view-default) .elementor-drop-cap-letter{width:1em;height:1em}.elementor-widget-text-editor .elementor-drop-cap{float:left;text-align:center;line-height:1;font-size:50px}.elementor-widget-text-editor .elementor-drop-cap-letter{display:inline-block}<\/style>\t\t\t\t<p style=\"padding-left: 40px;\"><strong>\u00a0<\/strong><\/p><p style=\"padding-left: 40px;\"><strong>Hospitality and catering industry<\/strong><\/p><p>\u00a0<\/p><ul><li style=\"list-style-type: none;\"><ul><li>Chambermaids    Manservants<\/li><li>Chefs and assistant chefs<\/li><li>Auxiliary workers<\/li><li>Waiters and bartenders<\/li><\/ul><\/li><\/ul><p>\u00a0<\/p><p style=\"padding-left: 40px;\"><strong>Logisticts<\/strong><\/p><p>\u00a0<\/p><ul><li style=\"list-style-type: none;\"><ul><li>Car, Truck and Bus Drivers<\/li><li>Mechanics<\/li><li>Delivery men and Couriers<\/li><\/ul><\/li><\/ul><p>\u00a0<\/p><p style=\"padding-left: 40px;\"><strong>Civil engineering<\/strong><\/p><p>\u00a0<\/p><ul><li style=\"list-style-type: none;\"><ul><li>Brick layer<\/li><li>Artisans<\/li><li>Locksmith<\/li><li>Plasterer<\/li><\/ul><\/li><\/ul>\t\t\t\t\t\t<\/div>\n\t\t\t\t<\/div>\n\t\t\t\t\t<\/div>\n\t\t<\/div>\n\t\t\t\t<div class=\"elementor-column elementor-col-50 elementor-top-column elementor-element elementor-element-3f97788\" data-id=\"3f97788\" data-element_type=\"column\">\n\t\t\t<div class=\"elementor-widget-wrap elementor-element-populated\">\n\t\t\t\t\t\t<div class=\"elementor-element elementor-element-c97a574 elementor-widget elementor-widget-qi_addons_for_elementor_cards_slider\" data-id=\"c97a574\" data-element_type=\"widget\" data-widget_type=\"qi_addons_for_elementor_cards_slider.default\">\n\t\t\t\t<div class=\"elementor-widget-container\">\n\t\t\t<div class=\"qodef-shortcode qodef-m  qodef-qi-cards-slider qodef-orientation--one-side qodef-navigation--hover-move qodef-orientation--left\" data-orientation=\"left\" data-offset=\"25\">\n\t<div class=\"qodef-e-inner\">\n\t\t\t\t\t<div class=\"qodef-m-card\">\n\t\t\t\t<div class=\"qodef-m-bundle-item\">\n\t\t\t\t\t\t\t\t\t\t\t<img loading=\"lazy\" decoding=\"async\" width=\"1024\" height=\"683\" src=\"https:\/\/www.superecruiter.rs\/wp-content\/uploads\/2022\/09\/viber_image_2022-09-04_00-37-33-067-gigapixel-standard-scale-6_00x-1024x683.jpg\" class=\"attachment-large size-large\" alt=\"\" srcset=\"https:\/\/www.superecruiter.rs\/wp-content\/uploads\/2022\/09\/viber_image_2022-09-04_00-37-33-067-gigapixel-standard-scale-6_00x-1024x683.jpg 1024w, https:\/\/www.superecruiter.rs\/wp-content\/uploads\/2022\/09\/viber_image_2022-09-04_00-37-33-067-gigapixel-standard-scale-6_00x-300x200.jpg 300w, https:\/\/www.superecruiter.rs\/wp-content\/uploads\/2022\/09\/viber_image_2022-09-04_00-37-33-067-gigapixel-standard-scale-6_00x-768x512.jpg 768w, https:\/\/www.superecruiter.rs\/wp-content\/uploads\/2022\/09\/viber_image_2022-09-04_00-37-33-067-gigapixel-standard-scale-6_00x-1536x1024.jpg 1536w, https:\/\/www.superecruiter.rs\/wp-content\/uploads\/2022\/09\/viber_image_2022-09-04_00-37-33-067-gigapixel-standard-scale-6_00x-2048x1365.jpg 2048w, https:\/\/www.superecruiter.rs\/wp-content\/uploads\/2022\/09\/viber_image_2022-09-04_00-37-33-067-gigapixel-standard-scale-6_00x-700x467.jpg 700w\" sizes=\"(max-width: 1024px) 100vw, 1024px\" \/>\t\t\t\t\t\t\t\t\t<\/div>\n\t\t\t<\/div>\n\t\t\t\t\t<div class=\"qodef-m-card\">\n\t\t\t\t<div class=\"qodef-m-bundle-item\">\n\t\t\t\t\t\t\t\t\t\t\t<img loading=\"lazy\" decoding=\"async\" width=\"1024\" height=\"414\" src=\"https:\/\/www.superecruiter.rs\/wp-content\/uploads\/2022\/09\/viber_image_2022-09-04_00-37-34-684-gigapixel-standard-scale-6_00x-1024x414.jpg\" class=\"attachment-large size-large\" alt=\"\" srcset=\"https:\/\/www.superecruiter.rs\/wp-content\/uploads\/2022\/09\/viber_image_2022-09-04_00-37-34-684-gigapixel-standard-scale-6_00x-1024x414.jpg 1024w, https:\/\/www.superecruiter.rs\/wp-content\/uploads\/2022\/09\/viber_image_2022-09-04_00-37-34-684-gigapixel-standard-scale-6_00x-300x121.jpg 300w, https:\/\/www.superecruiter.rs\/wp-content\/uploads\/2022\/09\/viber_image_2022-09-04_00-37-34-684-gigapixel-standard-scale-6_00x-768x311.jpg 768w, https:\/\/www.superecruiter.rs\/wp-content\/uploads\/2022\/09\/viber_image_2022-09-04_00-37-34-684-gigapixel-standard-scale-6_00x-1536x621.jpg 1536w, https:\/\/www.superecruiter.rs\/wp-content\/uploads\/2022\/09\/viber_image_2022-09-04_00-37-34-684-gigapixel-standard-scale-6_00x-2048x828.jpg 2048w, https:\/\/www.superecruiter.rs\/wp-content\/uploads\/2022\/09\/viber_image_2022-09-04_00-37-34-684-gigapixel-standard-scale-6_00x-700x283.jpg 700w\" sizes=\"(max-width: 1024px) 100vw, 1024px\" \/>\t\t\t\t\t\t\t\t\t<\/div>\n\t\t\t<\/div>\n\t\t\t\t\t<div class=\"qodef-m-card\">\n\t\t\t\t<div class=\"qodef-m-bundle-item\">\n\t\t\t\t\t\t\t\t\t\t\t<img loading=\"lazy\" decoding=\"async\" width=\"1024\" height=\"683\" src=\"https:\/\/www.superecruiter.rs\/wp-content\/uploads\/2022\/09\/viber_image_2022-09-04_00-37-30-102-gigapixel-standard-scale-6_00x-1024x683.jpg\" class=\"attachment-large size-large\" alt=\"\" srcset=\"https:\/\/www.superecruiter.rs\/wp-content\/uploads\/2022\/09\/viber_image_2022-09-04_00-37-30-102-gigapixel-standard-scale-6_00x-1024x683.jpg 1024w, https:\/\/www.superecruiter.rs\/wp-content\/uploads\/2022\/09\/viber_image_2022-09-04_00-37-30-102-gigapixel-standard-scale-6_00x-300x200.jpg 300w, https:\/\/www.superecruiter.rs\/wp-content\/uploads\/2022\/09\/viber_image_2022-09-04_00-37-30-102-gigapixel-standard-scale-6_00x-768x513.jpg 768w, https:\/\/www.superecruiter.rs\/wp-content\/uploads\/2022\/09\/viber_image_2022-09-04_00-37-30-102-gigapixel-standard-scale-6_00x-1536x1025.jpg 1536w, https:\/\/www.superecruiter.rs\/wp-content\/uploads\/2022\/09\/viber_image_2022-09-04_00-37-30-102-gigapixel-standard-scale-6_00x-2048x1367.jpg 2048w, https:\/\/www.superecruiter.rs\/wp-content\/uploads\/2022\/09\/viber_image_2022-09-04_00-37-30-102-gigapixel-standard-scale-6_00x-700x467.jpg 700w\" sizes=\"(max-width: 1024px) 100vw, 1024px\" \/>\t\t\t\t\t\t\t\t\t<\/div>\n\t\t\t<\/div>\n\t\t\t<\/div>\n\t<div class=\"qodef-m-fake-card\">\n\t\t<img loading=\"lazy\" decoding=\"async\" width=\"1024\" height=\"683\" src=\"https:\/\/www.superecruiter.rs\/wp-content\/uploads\/2022\/09\/viber_image_2022-09-04_00-37-30-102-gigapixel-standard-scale-6_00x-1024x683.jpg\" class=\"attachment-large size-large\" alt=\"\" srcset=\"https:\/\/www.superecruiter.rs\/wp-content\/uploads\/2022\/09\/viber_image_2022-09-04_00-37-30-102-gigapixel-standard-scale-6_00x-1024x683.jpg 1024w, https:\/\/www.superecruiter.rs\/wp-content\/uploads\/2022\/09\/viber_image_2022-09-04_00-37-30-102-gigapixel-standard-scale-6_00x-300x200.jpg 300w, https:\/\/www.superecruiter.rs\/wp-content\/uploads\/2022\/09\/viber_image_2022-09-04_00-37-30-102-gigapixel-standard-scale-6_00x-768x513.jpg 768w, https:\/\/www.superecruiter.rs\/wp-content\/uploads\/2022\/09\/viber_image_2022-09-04_00-37-30-102-gigapixel-standard-scale-6_00x-1536x1025.jpg 1536w, https:\/\/www.superecruiter.rs\/wp-content\/uploads\/2022\/09\/viber_image_2022-09-04_00-37-30-102-gigapixel-standard-scale-6_00x-2048x1367.jpg 2048w, https:\/\/www.superecruiter.rs\/wp-content\/uploads\/2022\/09\/viber_image_2022-09-04_00-37-30-102-gigapixel-standard-scale-6_00x-700x467.jpg 700w\" sizes=\"(max-width: 1024px) 100vw, 1024px\" \/>\t<\/div>\n\t<div class=\"qodef-m-navigation\">\n\t\t<div class=\"qodef-nav qodef--prev\"><svg class=\"qodef-swiper-arrow-left\" xmlns=\"http:\/\/www.w3.org\/2000\/svg\" x=\"0px\" y=\"0px\" viewbox=\"0 0 34.2 32.3\" xml:space=\"preserve\" style=\"stroke-width: 2;\"><line x1=\"0.5\" y1=\"16\" x2=\"33.5\" y2=\"16\"\/><line x1=\"0.3\" y1=\"16.5\" x2=\"16.2\" y2=\"0.7\"\/><line x1=\"0\" y1=\"15.4\" x2=\"16.2\" y2=\"31.6\"\/><\/svg><\/div>\n\t\t<div class=\"qodef-nav qodef--next\"><svg class=\"qodef-swiper-arrow-right\" xmlns=\"http:\/\/www.w3.org\/2000\/svg\" x=\"0px\" y=\"0px\" viewbox=\"0 0 34.2 32.3\" xml:space=\"preserve\" style=\"stroke-width: 2;\"><line x1=\"0\" y1=\"16\" x2=\"33\" y2=\"16\"\/><line x1=\"17.3\" y1=\"0.7\" x2=\"33.2\" y2=\"16.5\"\/><line x1=\"17.3\" y1=\"31.6\" x2=\"33.5\" y2=\"15.4\"\/><\/svg><\/div>\n\t<\/div>\n<\/div>\n\t\t<\/div>\n\t\t\t\t<\/div>\n\t\t\t\t\t<\/div>\n\t\t<\/div>\n\t\t\t\t\t<\/div>\n\t\t<\/section>\n\t\t\t\t<section class=\"elementor-section elementor-top-section elementor-element elementor-element-265f755 elementor-section-boxed elementor-section-height-default elementor-section-height-default parallax_section_no qode_elementor_container_no\" data-id=\"265f755\" data-element_type=\"section\">\n\t\t\t\t\t\t<div class=\"elementor-container elementor-column-gap-default\">\n\t\t\t\t\t<div class=\"elementor-column elementor-col-100 elementor-top-column elementor-element elementor-element-e415fd8\" data-id=\"e415fd8\" data-element_type=\"column\" data-settings=\"{&quot;background_background&quot;:&quot;classic&quot;}\">\n\t\t\t<div class=\"elementor-widget-wrap elementor-element-populated\">\n\t\t\t\t\t\t<div class=\"elementor-element elementor-element-2c538d9 elementor-widget elementor-widget-heading\" data-id=\"2c538d9\" data-element_type=\"widget\" data-widget_type=\"heading.default\">\n\t\t\t\t<div class=\"elementor-widget-container\">\n\t\t\t<h3 class=\"elementor-heading-title elementor-size-default\">CONTACT<\/h3>\t\t<\/div>\n\t\t\t\t<\/div>\n\t\t\t\t<div class=\"elementor-element elementor-element-619d335 elementor-widget elementor-widget-spacer\" data-id=\"619d335\" data-element_type=\"widget\" data-widget_type=\"spacer.default\">\n\t\t\t\t<div class=\"elementor-widget-container\">\n\t\t\t<style>\/*! elementor - v3.20.0 - 13-03-2024 *\/\n.elementor-column .elementor-spacer-inner{height:var(--spacer-size)}.e-con{--container-widget-width:100%}.e-con-inner>.elementor-widget-spacer,.e-con>.elementor-widget-spacer{width:var(--container-widget-width,var(--spacer-size));--align-self:var(--container-widget-align-self,initial);--flex-shrink:0}.e-con-inner>.elementor-widget-spacer>.elementor-widget-container,.e-con>.elementor-widget-spacer>.elementor-widget-container{height:100%;width:100%}.e-con-inner>.elementor-widget-spacer>.elementor-widget-container>.elementor-spacer,.e-con>.elementor-widget-spacer>.elementor-widget-container>.elementor-spacer{height:100%}.e-con-inner>.elementor-widget-spacer>.elementor-widget-container>.elementor-spacer>.elementor-spacer-inner,.e-con>.elementor-widget-spacer>.elementor-widget-container>.elementor-spacer>.elementor-spacer-inner{height:var(--container-widget-height,var(--spacer-size))}.e-con-inner>.elementor-widget-spacer.elementor-widget-empty,.e-con>.elementor-widget-spacer.elementor-widget-empty{position:relative;min-height:22px;min-width:22px}.e-con-inner>.elementor-widget-spacer.elementor-widget-empty .elementor-widget-empty-icon,.e-con>.elementor-widget-spacer.elementor-widget-empty .elementor-widget-empty-icon{position:absolute;top:0;bottom:0;left:0;right:0;margin:auto;padding:0;width:22px;height:22px}<\/style>\t\t<div class=\"elementor-spacer\">\n\t\t\t<div class=\"elementor-spacer-inner\"><\/div>\n\t\t<\/div>\n\t\t\t\t<\/div>\n\t\t\t\t<\/div>\n\t\t\t\t<div class=\"elementor-element elementor-element-afceffc elementor-widget elementor-widget-spacer\" data-id=\"afceffc\" data-element_type=\"widget\" data-widget_type=\"spacer.default\">\n\t\t\t\t<div class=\"elementor-widget-container\">\n\t\t\t\t\t<div class=\"elementor-spacer\">\n\t\t\t<div class=\"elementor-spacer-inner\"><\/div>\n\t\t<\/div>\n\t\t\t\t<\/div>\n\t\t\t\t<\/div>\n\t\t\t\t<div class=\"elementor-element elementor-element-0706d19 elementor-widget elementor-widget-bridge_cf_7\" data-id=\"0706d19\" data-element_type=\"widget\" data-widget_type=\"bridge_cf_7.default\">\n\t\t\t\t<div class=\"elementor-widget-container\">\n\t\t\t    <div class=\"qode-contact-form-7 qode-contact-form-7-0\">\n    \n<div class=\"wpcf7 no-js\" id=\"wpcf7-f17-o1\" lang=\"en-US\" dir=\"ltr\">\n<div class=\"screen-reader-response\"><p role=\"status\" aria-live=\"polite\" aria-atomic=\"true\"><\/p> <ul><\/ul><\/div>\n<form action=\"\/en\/wp-json\/wp\/v2\/pages\/105#wpcf7-f17-o1\" method=\"post\" class=\"wpcf7-form init cf7_custom_style_1\" aria-label=\"Contact form\" novalidate=\"novalidate\" data-status=\"init\" data-trp-original-action=\"\/en\/wp-json\/wp\/v2\/pages\/105#wpcf7-f17-o1\">\n<div style=\"display: none;\">\n<input type=\"hidden\" name=\"_wpcf7\" value=\"17\" \/>\n<input type=\"hidden\" name=\"_wpcf7_version\" value=\"5.9.6\" \/>\n<input type=\"hidden\" name=\"_wpcf7_locale\" value=\"en_US\" \/>\n<input type=\"hidden\" name=\"_wpcf7_unit_tag\" value=\"wpcf7-f17-o1\" \/>\n<input type=\"hidden\" name=\"_wpcf7_container_post\" value=\"0\" \/>\n<input type=\"hidden\" name=\"_wpcf7_posted_data_hash\" value=\"\" \/>\n<\/div>\n<div><span class=\"wpcf7-form-control-wrap\" data-name=\"your-name\"><input size=\"40\" maxlength=\"80\" class=\"wpcf7-form-control wpcf7-text wpcf7-validates-as-required\" aria-required=\"true\" aria-invalid=\"false\" placeholder=\"Your Name\" value=\"\" type=\"text\" name=\"your-name\" \/><\/span><\/div>\n<div><span class=\"wpcf7-form-control-wrap\" data-name=\"your-email\"><input size=\"40\" maxlength=\"80\" class=\"wpcf7-form-control wpcf7-email wpcf7-validates-as-required wpcf7-text wpcf7-validates-as-email\" aria-required=\"true\" aria-invalid=\"false\" placeholder=\"Email\" value=\"\" type=\"email\" name=\"your-email\" \/><\/span><\/div>\n<div><span class=\"wpcf7-form-control-wrap\" data-name=\"your-message\"><textarea cols=\"40\" rows=\"10\" maxlength=\"400\" class=\"wpcf7-form-control wpcf7-textarea\" aria-invalid=\"false\" placeholder=\"Message\" name=\"your-message\"><\/textarea><\/span><\/div>\n<span id=\"wpcf7-69f3daf9ee0ef-wrapper\" class=\"wpcf7-form-control-wrap honeypot-150-wrap\" ><input type=\"hidden\" name=\"honeypot-150-time-start\" value=\"1777588985\"><input type=\"hidden\" name=\"honeypot-150-time-check\" value=\"4\"><input id=\"wpcf7-69f3daf9ee0ef-field\"  class=\"wpcf7-form-control wpcf7-text\" type=\"text\" name=\"honeypot-150\" value=\"\" size=\"40\" tabindex=\"-1\" autocomplete=\"off\" \/><\/span>\n<div><button id='submit' class='wpcf7-form-control wpcf7-submit qode-cf-button'>Send<\/button><\/div><div class=\"wpcf7-response-output\" aria-hidden=\"true\"><\/div>\n<input type=\"hidden\" name=\"trp-form-language\" value=\"en\"\/><\/form>\n<\/div>\n    <\/div>\n\t\t<\/div>\n\t\t\t\t<\/div>\n\t\t\t\t\t<\/div>\n\t\t<\/div>\n\t\t\t\t\t<\/div>\n\t\t<\/section>\n\t\t\t\t<\/div>","protected":false},"excerpt":{"rendered":"<p>\u010cIME SE BAVIMO Pronala\u017eenje i odabir kandidata.\u00a0 Kandidate regrutujemo \u0161irom sveta, zahvaljuju\u0107i velikoj mre\u017ei partnerskih agencija. Za\u0161to je to va\u017eno? Na\u0161i partneri \u0107e Vam na\u0107i, isklju\u010divo ono \u0161to tra\u017eite, bez bojazni da \u0107ete dobiti neodgovaraju\u0107e kandidate. Radimo isklju\u010divo sa stranim kandidatima. Vize i prate\u0107a dokumenta&#8230;.<\/p>","protected":false},"author":1,"featured_media":0,"parent":0,"menu_order":0,"comment_status":"closed","ping_status":"closed","template":"full_width.php","meta":{"footnotes":""},"class_list":["post-105","page","type-page","status-publish","hentry"],"_links":{"self":[{"href":"https:\/\/www.superecruiter.rs\/en\/wp-json\/wp\/v2\/pages\/105","targetHints":{"allow":["GET"]}}],"collection":[{"href":"https:\/\/www.superecruiter.rs\/en\/wp-json\/wp\/v2\/pages"}],"about":[{"href":"https:\/\/www.superecruiter.rs\/en\/wp-json\/wp\/v2\/types\/page"}],"author":[{"embeddable":true,"href":"https:\/\/www.superecruiter.rs\/en\/wp-json\/wp\/v2\/users\/1"}],"replies":[{"embeddable":true,"href":"https:\/\/www.superecruiter.rs\/en\/wp-json\/wp\/v2\/comments?post=105"}],"version-history":[{"count":40,"href":"https:\/\/www.superecruiter.rs\/en\/wp-json\/wp\/v2\/pages\/105\/revisions"}],"predecessor-version":[{"id":422,"href":"https:\/\/www.superecruiter.rs\/en\/wp-json\/wp\/v2\/pages\/105\/revisions\/422"}],"wp:attachment":[{"href":"https:\/\/www.superecruiter.rs\/en\/wp-json\/wp\/v2\/media?parent=105"}],"curies":[{"name":"wp","href":"https:\/\/api.w.org\/{rel}","templated":true}]}}